{"id":30,"date":"2026-01-30T15:12:14","date_gmt":"2026-01-30T18:12:14","guid":{"rendered":"http:\/\/pride.ong.br\/index.php\/transparencia\/"},"modified":"2026-01-31T14:40:00","modified_gmt":"2026-01-31T17:40:00","slug":"transparencia","status":"publish","type":"page","link":"http:\/\/pride.ong.br\/index.php\/transparencia\/","title":{"rendered":"Transpar\u00eancia"},"content":{"rendered":"\n<p>A APOGLBT VINHEDO adota procedimentos internos que asseguram a <strong>transpar\u00eancia da gest\u00e3o<\/strong>, a rastreabilidade dos recursos e a regular presta\u00e7\u00e3o de contas, mantendo registros cont\u00e1beis regulares, documenta\u00e7\u00e3o organizada e relat\u00f3rios de execu\u00e7\u00e3o f\u00edsica e financeira, conforme exigido pelo MROSC e pelas normas dos \u00f3rg\u00e3os concedentes.<\/p>\n\n\n\n<p>Por meio dessa estrutura de gest\u00e3o e governan\u00e7a, a Associa\u00e7\u00e3o reafirma seu compromisso com a <strong>boa governan\u00e7a, o controle social, a \u00e9tica administrativa e a efici\u00eancia na execu\u00e7\u00e3o de pol\u00edticas p\u00fablicas<\/strong>, assegurando a correta aplica\u00e7\u00e3o dos recursos e a efetividade das a\u00e7\u00f5es desenvolvidas em benef\u00edcio da coletividade.<\/p>\n","protected":false},"excerpt":{"rendered":"<p>A APOGLBT VINHEDO adota procedimentos internos que asseguram a transpar\u00eancia da gest\u00e3o, a rastreabilidade dos recursos e a regular presta\u00e7\u00e3o de contas, mantendo registros cont\u00e1beis regulares, documenta\u00e7\u00e3o organizada e relat\u00f3rios de execu\u00e7\u00e3o f\u00edsica e financeira, conforme exigido pelo MROSC e pelas normas dos \u00f3rg\u00e3os concedentes. Por meio dessa estrutura de gest\u00e3o e governan\u00e7a, a Associa\u00e7\u00e3o [&hellip;]<\/p>\n","protected":false},"author":2,"featured_media":0,"parent":0,"menu_order":0,"comment_status":"closed","ping_status":"closed","template":"","meta":{"footnotes":""},"class_list":["post-30","page","type-page","status-publish","hentry"],"yoast_head":"<!-- This site is optimized with the Yoast SEO plugin v27.1.1 - https:\/\/yoast.com\/product\/yoast-seo-wordpress\/ -->\n<title>Transpar\u00eancia -<\/title>\n<meta name=\"robots\" content=\"index, follow, max-snippet:-1, max-image-preview:large, max-video-preview:-1\" \/>\n<link rel=\"canonical\" href=\"http:\/\/pride.ong.br\/index.php\/transparencia\/\" \/>\n<meta property=\"og:locale\" content=\"en_US\" \/>\n<meta property=\"og:type\" content=\"article\" \/>\n<meta property=\"og:title\" content=\"Transpar\u00eancia -\" \/>\n<meta property=\"og:description\" content=\"A APOGLBT VINHEDO adota procedimentos internos que asseguram a transpar\u00eancia da gest\u00e3o, a rastreabilidade dos recursos e a regular presta\u00e7\u00e3o de contas, mantendo registros cont\u00e1beis regulares, documenta\u00e7\u00e3o organizada e relat\u00f3rios de execu\u00e7\u00e3o f\u00edsica e financeira, conforme exigido pelo MROSC e pelas normas dos \u00f3rg\u00e3os concedentes. Por meio dessa estrutura de gest\u00e3o e governan\u00e7a, a Associa\u00e7\u00e3o [&hellip;]\" \/>\n<meta property=\"og:url\" content=\"http:\/\/pride.ong.br\/index.php\/transparencia\/\" \/>\n<meta property=\"article:modified_time\" content=\"2026-01-31T17:40:00+00:00\" \/>\n<meta name=\"twitter:card\" content=\"summary_large_image\" \/>\n<meta name=\"twitter:label1\" content=\"Est. reading time\" \/>\n\t<meta name=\"twitter:data1\" content=\"1 minute\" \/>\n<script type=\"application\/ld+json\" class=\"yoast-schema-graph\">{\"@context\":\"https:\/\/schema.org\",\"@graph\":[{\"@type\":\"WebPage\",\"@id\":\"http:\/\/pride.ong.br\/index.php\/transparencia\/\",\"url\":\"http:\/\/pride.ong.br\/index.php\/transparencia\/\",\"name\":\"Transpar\u00eancia -\",\"isPartOf\":{\"@id\":\"http:\/\/pride.ong.br\/#website\"},\"datePublished\":\"2026-01-30T18:12:14+00:00\",\"dateModified\":\"2026-01-31T17:40:00+00:00\",\"breadcrumb\":{\"@id\":\"http:\/\/pride.ong.br\/index.php\/transparencia\/#breadcrumb\"},\"inLanguage\":\"en-US\",\"potentialAction\":[{\"@type\":\"ReadAction\",\"target\":[\"http:\/\/pride.ong.br\/index.php\/transparencia\/\"]}]},{\"@type\":\"BreadcrumbList\",\"@id\":\"http:\/\/pride.ong.br\/index.php\/transparencia\/#breadcrumb\",\"itemListElement\":[{\"@type\":\"ListItem\",\"position\":1,\"name\":\"Home\",\"item\":\"http:\/\/pride.ong.br\/\"},{\"@type\":\"ListItem\",\"position\":2,\"name\":\"Transpar\u00eancia\"}]},{\"@type\":\"WebSite\",\"@id\":\"http:\/\/pride.ong.br\/#website\",\"url\":\"http:\/\/pride.ong.br\/\",\"name\":\"\",\"description\":\"\",\"potentialAction\":[{\"@type\":\"SearchAction\",\"target\":{\"@type\":\"EntryPoint\",\"urlTemplate\":\"http:\/\/pride.ong.br\/?s={search_term_string}\"},\"query-input\":{\"@type\":\"PropertyValueSpecification\",\"valueRequired\":true,\"valueName\":\"search_term_string\"}}],\"inLanguage\":\"en-US\"}]}<\/script>\n<!-- \/ Yoast SEO plugin. -->","yoast_head_json":{"title":"Transpar\u00eancia -","robots":{"index":"index","follow":"follow","max-snippet":"max-snippet:-1","max-image-preview":"max-image-preview:large","max-video-preview":"max-video-preview:-1"},"canonical":"http:\/\/pride.ong.br\/index.php\/transparencia\/","og_locale":"en_US","og_type":"article","og_title":"Transpar\u00eancia -","og_description":"A APOGLBT VINHEDO adota procedimentos internos que asseguram a transpar\u00eancia da gest\u00e3o, a rastreabilidade dos recursos e a regular presta\u00e7\u00e3o de contas, mantendo registros cont\u00e1beis regulares, documenta\u00e7\u00e3o organizada e relat\u00f3rios de execu\u00e7\u00e3o f\u00edsica e financeira, conforme exigido pelo MROSC e pelas normas dos \u00f3rg\u00e3os concedentes. Por meio dessa estrutura de gest\u00e3o e governan\u00e7a, a Associa\u00e7\u00e3o [&hellip;]","og_url":"http:\/\/pride.ong.br\/index.php\/transparencia\/","article_modified_time":"2026-01-31T17:40:00+00:00","twitter_card":"summary_large_image","twitter_misc":{"Est. reading time":"1 minute"},"schema":{"@context":"https:\/\/schema.org","@graph":[{"@type":"WebPage","@id":"http:\/\/pride.ong.br\/index.php\/transparencia\/","url":"http:\/\/pride.ong.br\/index.php\/transparencia\/","name":"Transpar\u00eancia -","isPartOf":{"@id":"http:\/\/pride.ong.br\/#website"},"datePublished":"2026-01-30T18:12:14+00:00","dateModified":"2026-01-31T17:40:00+00:00","breadcrumb":{"@id":"http:\/\/pride.ong.br\/index.php\/transparencia\/#breadcrumb"},"inLanguage":"en-US","potentialAction":[{"@type":"ReadAction","target":["http:\/\/pride.ong.br\/index.php\/transparencia\/"]}]},{"@type":"BreadcrumbList","@id":"http:\/\/pride.ong.br\/index.php\/transparencia\/#breadcrumb","itemListElement":[{"@type":"ListItem","position":1,"name":"Home","item":"http:\/\/pride.ong.br\/"},{"@type":"ListItem","position":2,"name":"Transpar\u00eancia"}]},{"@type":"WebSite","@id":"http:\/\/pride.ong.br\/#website","url":"http:\/\/pride.ong.br\/","name":"","description":"","potentialAction":[{"@type":"SearchAction","target":{"@type":"EntryPoint","urlTemplate":"http:\/\/pride.ong.br\/?s={search_term_string}"},"query-input":{"@type":"PropertyValueSpecification","valueRequired":true,"valueName":"search_term_string"}}],"inLanguage":"en-US"}]}},"_links":{"self":[{"href":"http:\/\/pride.ong.br\/index.php\/wp-json\/wp\/v2\/pages\/30","targetHints":{"allow":["GET"]}}],"collection":[{"href":"http:\/\/pride.ong.br\/index.php\/wp-json\/wp\/v2\/pages"}],"about":[{"href":"http:\/\/pride.ong.br\/index.php\/wp-json\/wp\/v2\/types\/page"}],"author":[{"embeddable":true,"href":"http:\/\/pride.ong.br\/index.php\/wp-json\/wp\/v2\/users\/2"}],"replies":[{"embeddable":true,"href":"http:\/\/pride.ong.br\/index.php\/wp-json\/wp\/v2\/comments?post=30"}],"version-history":[{"count":2,"href":"http:\/\/pride.ong.br\/index.php\/wp-json\/wp\/v2\/pages\/30\/revisions"}],"predecessor-version":[{"id":91,"href":"http:\/\/pride.ong.br\/index.php\/wp-json\/wp\/v2\/pages\/30\/revisions\/91"}],"wp:attachment":[{"href":"http:\/\/pride.ong.br\/index.php\/wp-json\/wp\/v2\/media?parent=30"}],"curies":[{"name":"wp","href":"https:\/\/api.w.org\/{rel}","templated":true}]}}